{"id":32,"date":"2023-12-10T20:54:18","date_gmt":"2023-12-10T19:54:18","guid":{"rendered":"http:\/\/eyaywbb.cluster030.hosting.ovh.net\/?page_id=32"},"modified":"2024-12-09T11:44:18","modified_gmt":"2024-12-09T10:44:18","slug":"adub","status":"publish","type":"page","link":"https:\/\/adub-uae.be\/","title":{"rendered":""},"content":{"rendered":"\n<div class=\"wp-block-group alignfull has-contrast-color has-text-color has-link-color wp-elements-0eaa3ce4e8eca418bf8c32de092994eb\" style=\"padding-top:var(--wp--preset--spacing--30);padding-right:var(--wp--preset--spacing--30);padding-bottom:var(--wp--preset--spacing--30);padding-left:var(--wp--preset--spacing--30)\"><div class=\"wp-block-group__inner-container is-layout-constrained wp-container-core-group-is-layout-97875daf wp-block-group-is-layout-constrained\">\n<div class=\"wp-block-group alignwide is-content-justification-space-between is-layout-flex wp-container-core-group-is-layout-256aec57 wp-block-group-is-layout-flex\">\n<div class=\"wp-block-group is-vertical is-layout-flex wp-container-core-group-is-layout-133b6b67 wp-block-group-is-layout-flex\"><div class=\"is-default-size wp-block-site-logo\"><a href=\"https:\/\/adub-uae.be\/\" class=\"custom-logo-link\" rel=\"home\"><img loading=\"lazy\" decoding=\"async\" width=\"90\" height=\"65\" src=\"https:\/\/adub-uae.be\/wp-content\/uploads\/2023\/12\/Logo-ADUB.png\" class=\"custom-logo\" alt=\"Association des Dentistes de l&#039;ULB\" \/><\/a><\/div>\n\n\n<div class=\"wp-block-group is-vertical is-layout-flex wp-container-core-group-is-layout-5d5a54e7 wp-block-group-is-layout-flex\"><h2 class=\"has-text-align-center has-link-color wp-elements-ed9586ea2eebab1dccc10031ccad052b wp-block-site-title\"><a href=\"https:\/\/adub-uae.be\" target=\"_self\" rel=\"home\">Association des Dentistes de l&#039;ULB<\/a><\/h2>\n\n<\/div>\n<\/div>\n<\/div>\n<\/div><\/div>\n\n\n\n<p>L\u2019 ADUB est l\u2019association des dentistes de l\u2019 ULB et fait partie de l\u2019UAE.<\/p>\n\n\n\n<p>\u00ab L\u2019A.D.U.B. fait siens les buts g\u00e9n\u00e9raux de l\u2019U.A.E. \u00e0 savoir resserrer les liens de fraternit\u00e9 entre les anciens \u00e9tudiants de l\u2019Universit\u00e9 Libre de Bruxelles et concourir \u00e0 la prosp\u00e9rit\u00e9 de l\u2019Universit\u00e9 ainsi qu\u2019au d\u00e9veloppement et \u00e0 la propagation de son enseignement bas\u00e9 sur le principe du Libre Examen. \u00bb art. 2 des Statuts.<\/p>\n\n\n\n<p>L\u2019 ADUB organise&nbsp;des s\u00e9minaires, des peer reviews ainsi que d\u2019autres activit\u00e9s toujours dans un cadre convivial pour une rencontre entre confr\u00e8res.<\/p>\n\n\n\n<p>Les&nbsp;diff\u00e9rents rendez-vous sont ouverts aux membres de l\u2019ADUB, aux&nbsp;\u00e9tudiants, aux&nbsp;non-membres ainsi qu\u2019aux dentistes issus des autres universit\u00e9s.<\/p>\n\n\n\n<p>Nous nous r\u00e9jouissons de vous rencontrer lors d\u2019une de nos prochaines activit\u00e9s.<\/p>\n\n\n\n<p>Tania Vanh\u00e9e , Pr\u00e9sidente<\/p>\n\n\n\n<p>Mathilde Bouchonville, Vice-Pr\u00e9sidente<\/p>\n\n\n\n<p><\/p>\n","protected":false},"excerpt":{"rendered":"<p>L\u2019 ADUB est l\u2019association des dentistes de l\u2019 ULB et fait partie de l\u2019UAE. \u00ab L\u2019A.D.U.B. fait siens les buts g\u00e9n\u00e9raux de l\u2019U.A.E. \u00e0 savoir resserrer les liens de fraternit\u00e9 entre les anciens \u00e9tudiants de l\u2019Universit\u00e9 Libre de Bruxelles et concourir \u00e0 la prosp\u00e9rit\u00e9 de l\u2019Universit\u00e9 ainsi qu\u2019au d\u00e9veloppement et \u00e0 la propagation de son &hellip; <a href=\"https:\/\/adub-uae.be\/\" class=\"more-link\">Continuer la lecture de <span class=\"screen-reader-text\"><\/span><\/a><\/p>\n","protected":false},"author":1,"featured_media":0,"parent":0,"menu_order":0,"comment_status":"closed","ping_status":"closed","template":"","meta":{"footnotes":""},"class_list":["post-32","page","type-page","status-publish","hentry"],"_links":{"self":[{"href":"https:\/\/adub-uae.be\/index.php\/wp-json\/wp\/v2\/pages\/32","targetHints":{"allow":["GET"]}}],"collection":[{"href":"https:\/\/adub-uae.be\/index.php\/wp-json\/wp\/v2\/pages"}],"about":[{"href":"https:\/\/adub-uae.be\/index.php\/wp-json\/wp\/v2\/types\/page"}],"author":[{"embeddable":true,"href":"https:\/\/adub-uae.be\/index.php\/wp-json\/wp\/v2\/users\/1"}],"replies":[{"embeddable":true,"href":"https:\/\/adub-uae.be\/index.php\/wp-json\/wp\/v2\/comments?post=32"}],"version-history":[{"count":9,"href":"https:\/\/adub-uae.be\/index.php\/wp-json\/wp\/v2\/pages\/32\/revisions"}],"predecessor-version":[{"id":128,"href":"https:\/\/adub-uae.be\/index.php\/wp-json\/wp\/v2\/pages\/32\/revisions\/128"}],"wp:attachment":[{"href":"https:\/\/adub-uae.be\/index.php\/wp-json\/wp\/v2\/media?parent=32"}],"curies":[{"name":"wp","href":"https:\/\/api.w.org\/{rel}","templated":true}]}}