{"id":55,"date":"2023-12-10T22:40:38","date_gmt":"2023-12-10T21:40:38","guid":{"rendered":"http:\/\/eyaywbb.cluster030.hosting.ovh.net\/?page_id=55"},"modified":"2025-12-19T11:38:21","modified_gmt":"2025-12-19T10:38:21","slug":"programme-2024","status":"publish","type":"page","link":"https:\/\/adub-uae.be\/index.php\/programme-2024\/","title":{"rendered":"Programme 2026"},"content":{"rendered":"\n<p>Mercredi 21 janvier : s\u00e9minaire\u00a0: Peter Bottenberg et Er\u00e7yn Say<\/p>\n\n\n\n<p>Lundi 9 f\u00e9vrier\u00a0: Sainte Apolline : Repas en soir\u00e9e &#8211; les modalit\u00e9s vont suivre<\/p>\n\n\n\n<p>Mercredi 4 mars : s\u00e9minaire\u00a0: Turgay Tuna\u00a0: L\u2019usage m\u00e9dical et l\u2019usage r\u00e9cr\u00e9atif du N20\u00a0: un monde de diff\u00e9rence\u00a0?\u00a0<\/p>\n\n\n\n<p>Mercredi 8 avril : s\u00e9minaire\u00a0: Arnel Nana\u00a0: l\u2019orthodontie de demain\u00a0<\/p>\n\n\n\n<p>Mercredi 9 septembre\u00a0: Peer Review<\/p>\n\n\n\n<p>Mercredi 14 octobre : s\u00e9minaire\u00a0: Mathilde Bouchonville et Binta Diallo : un sujet de dentisterie p\u00e9diatrique<\/p>\n\n\n\n<p>Mercredi 4 novembre : AG<\/p>\n\n\n\n<p>Mercredi 2 d\u00e9cembre : s\u00e9minaire\u00a0: Firas Shall : un sujet de stomatologie<\/p>\n\n\n\n<p><\/p>\n","protected":false},"excerpt":{"rendered":"<p>Mercredi 21 janvier : s\u00e9minaire\u00a0: Peter Bottenberg et Er\u00e7yn Say Lundi 9 f\u00e9vrier\u00a0: Sainte Apolline : Repas en soir\u00e9e &#8211; les modalit\u00e9s vont suivre Mercredi 4 mars : s\u00e9minaire\u00a0: Turgay Tuna\u00a0: L\u2019usage m\u00e9dical et l\u2019usage r\u00e9cr\u00e9atif du N20\u00a0: un monde de diff\u00e9rence\u00a0?\u00a0 Mercredi 8 avril : s\u00e9minaire\u00a0: Arnel Nana\u00a0: l\u2019orthodontie de demain\u00a0 Mercredi 9 septembre\u00a0: &hellip; <a href=\"https:\/\/adub-uae.be\/index.php\/programme-2024\/\" class=\"more-link\">Continuer la lecture de <span class=\"screen-reader-text\">Programme 2026<\/span><\/a><\/p>\n","protected":false},"author":1,"featured_media":0,"parent":0,"menu_order":0,"comment_status":"closed","ping_status":"closed","template":"","meta":{"footnotes":""},"class_list":["post-55","page","type-page","status-publish","hentry"],"_links":{"self":[{"href":"https:\/\/adub-uae.be\/index.php\/wp-json\/wp\/v2\/pages\/55","targetHints":{"allow":["GET"]}}],"collection":[{"href":"https:\/\/adub-uae.be\/index.php\/wp-json\/wp\/v2\/pages"}],"about":[{"href":"https:\/\/adub-uae.be\/index.php\/wp-json\/wp\/v2\/types\/page"}],"author":[{"embeddable":true,"href":"https:\/\/adub-uae.be\/index.php\/wp-json\/wp\/v2\/users\/1"}],"replies":[{"embeddable":true,"href":"https:\/\/adub-uae.be\/index.php\/wp-json\/wp\/v2\/comments?post=55"}],"version-history":[{"count":12,"href":"https:\/\/adub-uae.be\/index.php\/wp-json\/wp\/v2\/pages\/55\/revisions"}],"predecessor-version":[{"id":160,"href":"https:\/\/adub-uae.be\/index.php\/wp-json\/wp\/v2\/pages\/55\/revisions\/160"}],"wp:attachment":[{"href":"https:\/\/adub-uae.be\/index.php\/wp-json\/wp\/v2\/media?parent=55"}],"curies":[{"name":"wp","href":"https:\/\/api.w.org\/{rel}","templated":true}]}}